{"id":12,"date":"2008-09-25T12:45:01","date_gmt":"2008-09-25T10:45:01","guid":{"rendered":"http:\/\/192.168.0.91\/?page_id=6"},"modified":"2011-01-05T22:16:48","modified_gmt":"2011-01-05T20:16:48","slug":"bookshelf","status":"publish","type":"page","link":"https:\/\/www.ora-solutions.net\/web\/bookshelf\/","title":{"rendered":"Bookshelf"},"content":{"rendered":"<p>This is a collection of Oracle \/ Unix books which are highly recommended.<\/p>\n<blockquote>\n<table style=\"text-align: left; width: 100%;\" border=\"0\" cellspacing=\"20\" cellpadding=\"20\">\n<tbody>\n<tr>\n<td style=\"vertical-align: top;\"><img loading=\"lazy\" decoding=\"async\" style=\"border:none !important; margin:0px !important;\" src=\"http:\/\/www.assoc-amazon.de\/e\/ir?t=osn-21&amp;l=as2&amp;o=3&amp;a=159059407X\" border=\"0\" alt=\"\" width=\"1\" height=\"1\" \/><a href=\"http:\/\/www.amazon.de\/gp\/product\/1420084127?ie=UTF8&amp;tag=osn-21&amp;linkCode=as2&amp;camp=1638&amp;creative=19454&amp;creativeASIN=1420084127\"><img loading=\"lazy\" decoding=\"async\" class=\"alignnone size-full wp-image-698\" title=\"howto_secure_and_audit_oracle_10g_and_11g\" src=\"http:\/\/www.ora-solutions.net\/web\/wp-content\/uploads\/2009\/06\/howto_secure_and_audit_oracle_10g_and_11g.jpg\" alt=\"howto_secure_and_audit_oracle_10g_and_11g\" width=\"109\" height=\"160\" \/><\/a><\/td>\n<td style=\"vertical-align: top;\">\n<h3><a href=\"http:\/\/www.amazon.de\/gp\/product\/1420084127?ie=UTF8&amp;tag=osn-21&amp;linkCode=as2&amp;camp=1638&amp;creative=19454&amp;creativeASIN=1420084127\">HOWTO Secure and Audit Oracle 10g and 11g<\/a><\/h3>\n<h4>Ron Ben Natan<\/h4>\n<p>I can really recommend this book to anybody who is interested in making Oracle database systems more secure and to get an overview of all the security features and possibilities of current Oracle database releases. It covers versions 10g and 11g and contains not only excellent explanations of the different features but also practical examples of how to implement them. A highlight of the book is the focus on consequences of different features on database performance. The reader can really profit from the authors expertise in this area of technology.<\/td>\n<\/tr>\n<tr>\n<td style=\"vertical-align: top;\"><a href=\"http:\/\/www.amazon.de\/gp\/product\/159059407X?ie=UTF8&amp;tag=osn-21&amp;linkCode=as2&amp;camp=1638&amp;creative=19454&amp;creativeASIN=159059407X\"><img loading=\"lazy\" decoding=\"async\" class=\"alignnone size-full wp-image-683\" title=\"expert_jdbc\" src=\"http:\/\/www.ora-solutions.net\/web\/wp-content\/uploads\/2009\/06\/expert_jdbc.gif\" alt=\"expert_jdbc\" width=\"125\" height=\"164\" \/><\/a><img loading=\"lazy\" decoding=\"async\" style=\"border:none !important; margin:0px !important;\" src=\"http:\/\/www.assoc-amazon.de\/e\/ir?t=osn-21&amp;l=as2&amp;o=3&amp;a=159059407X\" border=\"0\" alt=\"\" width=\"1\" height=\"1\" \/><\/td>\n<td style=\"vertical-align: top;\">\n<h3><a href=\"http:\/\/www.amazon.de\/gp\/product\/159059407X?ie=UTF8&amp;tag=osn-21&amp;linkCode=as2&amp;camp=1638&amp;creative=19454&amp;creativeASIN=159059407X\">Expert Oracle JDBC Programming<\/a><\/h3>\n<h4>R.M. Menon<\/h4>\n<p>For me personally, the book served its purpose of giving me a very good picture of how the Oracle database can be used by Java Applications using JDBC connectivity. When discussing with Java developers about Oracle, it is important to be familiar with the concepts of JDBC and how they can be implemented in Java. The book has helped me changing the perspective from the database administrators point of view to the java developers angle.<\/p>\n<p>The author explains the 4 different types of JDBC Drivers, why it is a good idea to turn Autocommit off, etc. but perhaps the most basic but essential information given in the book is the distinction between the Statement and the PreparedStatement Interface and a clear recommendation to NOT use Statement class in production code. Moreover, the standard update batching as well as Oracle update batching is introduced with the recommendation to prefer the oracle implementation for performance reasons.<\/p>\n<p>Apart from that, the more advanced features Statement Caching as well as Connection Pooling and Caching were of most interest to me. Although it did not make a java developer out of me, I could use the sample code to get familiar with the concepts. Other than that, the book is great as a reference to come back to different topics if need arises.<\/p>\n<p>I can recommend this book to any Oracle database administrator, who wants to understand, how Java Applications use JDBC to interact with the database. On the other hand, it is a must-read for any Java Developer working with Oracle JDBC. Beware that this is not a book to learn Java, but specifically for understanding Oracle database interaction with JDBC.<\/td>\n<\/tr>\n<tr>\n<td style=\"vertical-align: top;\"><a href=\"http:\/\/www.amazon.de\/gp\/product\/1590599179?ie=UTF8&amp;tag=osn-21&amp;linkCode=as2&amp;camp=1638&amp;creative=6742&amp;creativeASIN=1590599179\"><br \/>\n<img loading=\"lazy\" decoding=\"async\" class=\"alignnone size-medium wp-image-74\" title=\"troublshooting_oracle_performance\" src=\"http:\/\/www.ora-solutions.net\/web\/wp-content\/uploads\/2008\/10\/troublshooting_oracle_performance.jpg\" alt=\"\" width=\"125\" height=\"170\" \/><\/a><img loading=\"lazy\" decoding=\"async\" style=\"border:none !important; margin:0px !important;\" src=\"http:\/\/www.assoc-amazon.de\/e\/ir?t=osn-21&amp;l=as2&amp;o=3&amp;a=1590599179\" border=\"0\" alt=\"\" width=\"1\" height=\"1\" \/><\/td>\n<td style=\"vertical-align: top;\">\n<h3><a href=\"http:\/\/www.amazon.de\/gp\/product\/1590599179?ie=UTF8&amp;tag=osn-21&amp;linkCode=as2&amp;camp=1638&amp;creative=6742&amp;creativeASIN=1590599179\">Troubleshooting Oracle Performance<\/a><\/h3>\n<h4>Christian Antognini<\/h4>\n<p>This book is exremely useful for Oracle Administrators and Developers alike. It is easy to understand and contains valuable information for everybody interested in understanding Oracle performance issues. The author demonstrates an excellent method to identify wrong Optimizer estimates that lead to suboptimal execution plans.<\/p>\n<p>The author shares dozens of &#8220;best-practices&#8221; and advices from his personal consulting experience as well es detailed information which is not available in Oracle documentation.<\/p>\n<p>My personal highlight was the introduction to a sophisticated, yet easy-to-use SQL Trace Analyzer TVD$XTAT which overcomes the limits of tkprof for SQL Response Time Analysis.<\/p>\n<p>This book is a must-have for every Oracle professional.<\/td>\n<\/tr>\n<tr>\n<td style=\"vertical-align: top;\"><a href=\"http:\/\/www.amazon.de\/gp\/product\/0071496076?ie=UTF8&amp;tag=osn-21&amp;linkCode=as2&amp;camp=1638&amp;creative=6742&amp;creativeASIN=0071496076\"><img loading=\"lazy\" decoding=\"async\" class=\"alignnone size-medium wp-image-79\" title=\"oracle_automatic_storage_ma\" src=\"http:\/\/www.ora-solutions.net\/web\/wp-content\/uploads\/2008\/10\/oracle_automatic_storage_ma.jpg\" alt=\"\" width=\"125\" height=\"170\" \/><\/a><\/td>\n<td style=\"vertical-align: top;\">\n<h3><a href=\"http:\/\/www.amazon.de\/gp\/product\/0071496076?ie=UTF8&amp;tag=osn-21&amp;linkCode=as2&amp;camp=1638&amp;creative=6742&amp;creativeASIN=0071496076\">Oracle Automatic Storage Management<\/a><\/h3>\n<h4>Vengurlekar, Vallath, Long<\/h4>\n<p>At the time of the release of this book, it was the only book available on the topic of ASM. I contains all the necessary information in order understand and implement ASM setups.<\/td>\n<\/tr>\n<tr>\n<td style=\"vertical-align: top;\"><a href=\"http:\/\/www.amazon.de\/gp\/product\/1590595246?ie=UTF8&amp;tag=osn-21&amp;linkCode=as2&amp;camp=1638&amp;creative=6742&amp;creativeASIN=1590595246\"><img loading=\"lazy\" decoding=\"async\" class=\"alignnone size-medium wp-image-84\" title=\"pro_oracle_database_10g_rac\" src=\"http:\/\/www.ora-solutions.net\/web\/wp-content\/uploads\/2008\/10\/pro_oracle_database_10g_rac.jpg\" alt=\"\" width=\"125\" height=\"170\" \/><\/a><\/td>\n<td style=\"vertical-align: top;\">\n<h3><a href=\"http:\/\/www.amazon.de\/gp\/product\/1590595246?ie=UTF8&amp;tag=osn-21&amp;linkCode=as2&amp;camp=1638&amp;creative=6742&amp;creativeASIN=1590595246\">Pro Oracle Database 10g RAC on Linux<\/a><\/h3>\n<h4>Julian Dyke, Steve Shaw<\/h4>\n<p>The book does an excellent job of presenting detailed information on how to configure Linux in order to run Oracle Real Application Cluster Databases. Additionally, it contains very interesting information about Benchmarking (TPC) Concepts as well as Storage Fundamentals.<\/td>\n<\/tr>\n<tr>\n<td style=\"vertical-align: top;\"><a href=\"http:\/\/www.amazon.de\/gp\/product\/0072263172?ie=UTF8&amp;tag=osn-21&amp;linkCode=as2&amp;camp=1638&amp;creative=6742&amp;creativeASIN=0072263172\"><img loading=\"lazy\" decoding=\"async\" class=\"alignnone size-medium wp-image-85\" title=\"rman_backup_recovery\" src=\"http:\/\/www.ora-solutions.net\/web\/wp-content\/uploads\/2008\/10\/rman_backup_recovery.jpg\" alt=\"\" width=\"125\" height=\"170\" \/><\/a><\/td>\n<td style=\"vertical-align: top;\">\n<h3><a href=\"http:\/\/www.amazon.de\/gp\/product\/0072263172?ie=UTF8&amp;tag=osn-21&amp;linkCode=as2&amp;camp=1638&amp;creative=6742&amp;creativeASIN=0072263172\">Oracle Database 10g &#8211; RMAN Backup &amp; Recovery<\/a><\/h3>\n<h4>Hart, Freeman<\/h4>\n<p>Backup &amp; Recovery is one of the most important topics when working with production databases. This book is in my opinion the best book in order to understand RMAN Backup and Recovery concepts as well as practical examples.<\/td>\n<\/tr>\n<tr>\n<td style=\"vertical-align: top;\"><a href=\"http:\/\/www.amazon.de\/gp\/product\/1590596366?ie=UTF8&amp;tag=osn-21&amp;linkCode=as2&amp;camp=1638&amp;creative=6742&amp;creativeASIN=1590596366\"><img loading=\"lazy\" decoding=\"async\" class=\"alignnone size-medium wp-image-75\" title=\"cost_based_fundamentals\" src=\"http:\/\/www.ora-solutions.net\/web\/wp-content\/uploads\/2008\/10\/cost_based_fundamentals.jpg\" alt=\"\" width=\"125\" height=\"170\" \/><\/a><\/td>\n<td style=\"vertical-align: top;\">\n<h3><a href=\"http:\/\/www.amazon.de\/gp\/product\/1590596366?ie=UTF8&amp;tag=osn-21&amp;linkCode=as2&amp;camp=1638&amp;creative=6742&amp;creativeASIN=1590596366\">Cost Based Oracle Fundamentals<\/a><\/h3>\n<h4>Jonathan Lewis<\/h4>\n<p>Cost Based Fundamentals is currently the most detailed printed information about how the Oracle core component, the query optimizer, works. Although sometimes scientifc, the author explains basic concepts of how the query optimizer costs different access operations and join methods. I am looking forward to reading the next book of Jonathan Lewis.<\/td>\n<\/tr>\n<tr>\n<td style=\"vertical-align: top;\"><a href=\"http:\/\/www.amazon.de\/gp\/product\/0072230657?ie=UTF8&amp;tag=osn-21&amp;linkCode=as2&amp;camp=1638&amp;creative=6742&amp;creativeASIN=0072230657\"><img loading=\"lazy\" decoding=\"async\" class=\"alignnone size-medium wp-image-76\" title=\"effective_oracle_by_design\" src=\"http:\/\/www.ora-solutions.net\/web\/wp-content\/uploads\/2008\/10\/effective_oracle_by_design.jpg\" alt=\"\" width=\"125\" height=\"170\" \/><\/a><\/td>\n<td style=\"vertical-align: top;\">\n<h3><a href=\"http:\/\/www.amazon.de\/gp\/product\/0072230657?ie=UTF8&amp;tag=osn-21&amp;linkCode=as2&amp;camp=1638&amp;creative=6742&amp;creativeASIN=0072230657\">Effective Oracle by Design<\/a><\/h3>\n<h4>Tom Kyte<\/h4>\n<p>Effective Oracle by Design written by Tom Kyte is a collection of techniques in order to design databases for scalability. It not only explains different features, e.g. Shared Servers, but also gives recommendations of when and when not to use it. I would recommend it to any DBA.<\/td>\n<\/tr>\n<tr>\n<td style=\"vertical-align: top;\"><a href=\"http:\/\/www.amazon.de\/gp\/product\/1590595300?ie=UTF8&amp;tag=osn-21&amp;linkCode=as2&amp;camp=1638&amp;creative=6742&amp;creativeASIN=1590595300\"><img loading=\"lazy\" decoding=\"async\" class=\"alignnone size-medium wp-image-94\" title=\"expert_oracle_database_arch\" src=\"http:\/\/www.ora-solutions.net\/web\/wp-content\/uploads\/2008\/10\/expert_oracle_database_arch.jpg\" alt=\"\" width=\"125\" height=\"170\" \/><\/a><\/td>\n<td style=\"vertical-align: top;\">\n<h3><a href=\"http:\/\/www.amazon.de\/gp\/product\/1590595300?ie=UTF8&amp;tag=osn-21&amp;linkCode=as2&amp;camp=1638&amp;creative=6742&amp;creativeASIN=1590595300\">Expert Oracle Database Architecture<\/a><\/h3>\n<h4>Tom Kyte<\/h4>\n<p>Expert Database Architecture covers in very detailed manner the key concepts of Oracle databases: concurrency (e.g. read consistency), transaction management, undo, redo.<\/td>\n<\/tr>\n<tr>\n<td style=\"vertical-align: top;\"><a href=\"http:\/\/www.amazon.de\/gp\/product\/059600527X?ie=UTF8&amp;tag=osn-21&amp;linkCode=as2&amp;camp=1638&amp;creative=6742&amp;creativeASIN=059600527X\"><img loading=\"lazy\" decoding=\"async\" class=\"alignnone size-medium wp-image-78\" title=\"optimizing_oracle_performance\" src=\"http:\/\/www.ora-solutions.net\/web\/wp-content\/uploads\/2008\/10\/optimizing_oracle_performance.jpg\" alt=\"\" width=\"125\" height=\"170\" \/><\/a><\/td>\n<td style=\"vertical-align: top;\">\n<h3><a href=\"http:\/\/www.amazon.de\/gp\/product\/059600527X?ie=UTF8&amp;tag=osn-21&amp;linkCode=as2&amp;camp=1638&amp;creative=6742&amp;creativeASIN=059600527X\">Optimizing Oracle Performance<\/a><\/h3>\n<h4>Cary Millsap, Jeff Holt<\/h4>\n<p>This book marks a new era in Oracle Performance Management. The authors explain the concept of Method-R, a method of focusing only on response time of the most problematic business process. By collecting properly scoped 10046 trace data, performance analysts can dramatically improve performance with the maximum effect for the business.<\/td>\n<\/tr>\n<tr>\n<td style=\"vertical-align: top;\"><a href=\"http:\/\/www.amazon.de\/gp\/product\/0972751335?ie=UTF8&amp;tag=osn-21&amp;linkCode=as2&amp;camp=1638&amp;creative=6742&amp;creativeASIN=0972751335\"><img loading=\"lazy\" decoding=\"async\" class=\"alignnone size-medium wp-image-81\" title=\"oracle_replication\" src=\"http:\/\/www.ora-solutions.net\/web\/wp-content\/uploads\/2008\/10\/oracle_replication.jpg\" alt=\"\" width=\"125\" height=\"170\" \/><\/a><\/td>\n<td style=\"vertical-align: top;\">\n<h3><a href=\"http:\/\/www.amazon.de\/gp\/product\/0972751335?ie=UTF8&amp;tag=osn-21&amp;linkCode=as2&amp;camp=1638&amp;creative=6742&amp;creativeASIN=0972751335\">Oracle Replication<\/a><\/h3>\n<h4>Karam, Garmany, Burleson<\/h4>\n<p>I found this book while researching &#8220;Advanced Replication&#8221;. Although the technology is likely to be replaced by Oracle Streams, it was interesting to see some basic example setups for all kinds of replication needs.<\/p>\n<p><small><strong>Please note:<\/strong> It seems that although I have the second edition version (Dec 2006), there is only first edition available on Amazon.<\/small><\/td>\n<\/tr>\n<tr>\n<td style=\"vertical-align: top;\"><a href=\"http:\/\/www.amazon.de\/gp\/product\/3446404368?ie=UTF8&amp;tag=osn-21&amp;linkCode=as2&amp;camp=1638&amp;creative=6742&amp;creativeASIN=3446404368\"><img loading=\"lazy\" decoding=\"async\" class=\"alignnone size-medium wp-image-82\" title=\"oracle_security\" src=\"http:\/\/www.ora-solutions.net\/web\/wp-content\/uploads\/2008\/10\/oracle_security.jpg\" alt=\"\" width=\"125\" height=\"170\" \/><\/a><\/td>\n<td style=\"vertical-align: top;\">\n<h3><a href=\"http:\/\/www.amazon.de\/gp\/product\/3446404368?ie=UTF8&amp;tag=osn-21&amp;linkCode=as2&amp;camp=1638&amp;creative=6742&amp;creativeASIN=3446404368\">Oracle Security  in der Praxis<\/a><\/h3>\n<h4>Haas<\/h4>\n<p>Security ist ein oftmals vernachl\u00e4ssigter Bereich von Oracle Datenbanken. Dabei w\u00e4ren die M\u00f6glichkeiten extrem vielf\u00e4ltig. Das Buch illustriert die verschiedenen M\u00f6glichkeiten, die Datenbanken mit verschiedenen Features zu sichern.<\/td>\n<\/tr>\n<tr>\n<td style=\"vertical-align: top;\"><a href=\"http:\/\/www.amazon.de\/gp\/product\/0130328618?ie=UTF8&amp;tag=osn-21&amp;linkCode=as2&amp;camp=1638&amp;creative=6742&amp;creativeASIN=0130328618\"><img loading=\"lazy\" decoding=\"async\" class=\"alignnone size-medium wp-image-77\" title=\"hp-ux_11i_internals\" src=\"http:\/\/www.ora-solutions.net\/web\/wp-content\/uploads\/2008\/10\/hp-ux_11i_internals.jpg\" alt=\"\" width=\"125\" height=\"170\" \/><\/a><\/td>\n<td style=\"vertical-align: top;\">\n<h3><a href=\"http:\/\/www.amazon.de\/gp\/product\/0130328618?ie=UTF8&amp;tag=osn-21&amp;linkCode=as2&amp;camp=1638&amp;creative=6742&amp;creativeASIN=0130328618\">hp-ux internals<\/a><\/h3>\n<h4>cooper, moore<\/h4>\n<p>The book explains in a very deep technical way how the hp-ux operating system works. What was especially interesting for me was the section about memory management.<\/td>\n<\/tr>\n<tr>\n<td style=\"vertical-align: top;\"><a href=\"http:\/\/www.amazon.de\/gp\/product\/0201715848?ie=UTF8&amp;tag=osn-21&amp;linkCode=as2&amp;camp=1638&amp;creative=6742&amp;creativeASIN=0201715848\"><img loading=\"lazy\" decoding=\"async\" class=\"alignnone size-medium wp-image-83\" title=\"practical_oracle_8i\" src=\"http:\/\/www.ora-solutions.net\/web\/wp-content\/uploads\/2008\/10\/practical_oracle_8i.jpg\" alt=\"\" width=\"125\" height=\"170\" \/><\/a><\/td>\n<td style=\"vertical-align: top;\">\n<h3><a href=\"http:\/\/www.amazon.de\/gp\/product\/0201715848?ie=UTF8&amp;tag=osn-21&amp;linkCode=as2&amp;camp=1638&amp;creative=6742&amp;creativeASIN=0201715848\">Practical Oracle 8i<\/a><\/h3>\n<h4>Jonathan Lewis<\/h4>\n<p>Although the book does not cover any recent release, most of the information is still valuable in order to build efficient databases. It covers physical data structures (tables, indexes, IOTs, partitioning, views) as well as parallel query.<\/td>\n<\/tr>\n<tr>\n<td style=\"vertical-align: top;\"><a href=\"http:\/\/www.amazon.de\/gp\/product\/1590593871?ie=UTF8&amp;tag=osn-21&amp;linkCode=as2&amp;camp=1638&amp;creative=6742&amp;creativeASIN=1590593871\"><img loading=\"lazy\" decoding=\"async\" class=\"alignnone size-medium wp-image-80\" title=\"oracle_insights\" src=\"http:\/\/www.ora-solutions.net\/web\/wp-content\/uploads\/2008\/10\/oracle_insights.jpg\" alt=\"\" width=\"125\" height=\"170\" \/><\/a><\/td>\n<td style=\"vertical-align: top;\">\n<h3><a href=\"http:\/\/www.amazon.de\/gp\/product\/1590593871?ie=UTF8&amp;tag=osn-21&amp;linkCode=as2&amp;camp=1638&amp;creative=6742&amp;creativeASIN=1590593871\">Oracle Insights &#8211; Tales of the Oak Table<\/a><\/h3>\n<p>The book is in my opinion more entertaining than informative. It contains multiple chapters each written by a different Oracle expert. This alone should be reason enough to get it.<\/td>\n<\/tr>\n<tr>\n<td style=\"vertical-align: top;\"><a href=\"http:\/\/www.amazon.de\/gp\/product\/059600284X?ie=UTF8&amp;tag=osn-21&amp;linkCode=as2&amp;camp=1638&amp;creative=6742&amp;creativeASIN=059600284X\"><img loading=\"lazy\" decoding=\"async\" class=\"alignnone size-medium wp-image-86\" title=\"system_performance_tuning\" src=\"http:\/\/www.ora-solutions.net\/web\/wp-content\/uploads\/2008\/10\/system_performance_tuning.jpg\" alt=\"\" width=\"125\" height=\"170\" \/><\/a><\/td>\n<td style=\"vertical-align: top;\">\n<h3><a href=\"http:\/\/www.amazon.de\/gp\/product\/059600284X?ie=UTF8&amp;tag=osn-21&amp;linkCode=as2&amp;camp=1638&amp;creative=6742&amp;creativeASIN=059600284X\">System Performance Tuning<\/a><\/h3>\n<p>The book focuses mainly on Sun Solaris (up to 8 ) and Linux and contains chapters for every part of the Performance Tuning areas: CPU, RAM, IO (Storage, Disks), Network, etc.<\/td>\n<\/tr>\n<tr>\n<td style=\"vertical-align: top;\"><a href=\"http:\/\/www.amazon.de\/gp\/product\/007222729X?ie=UTF8&amp;tag=osn-21&amp;linkCode=as2&amp;camp=1638&amp;creative=6742&amp;creativeASIN=007222729X\"><img loading=\"lazy\" decoding=\"async\" class=\"alignnone size-medium wp-image-97\" title=\"oracle_wait_interface\" src=\"http:\/\/www.ora-solutions.net\/web\/wp-content\/uploads\/2008\/10\/oracle_wait_interface.jpg\" alt=\"\" width=\"125\" height=\"170\" \/><\/a><\/td>\n<td style=\"vertical-align: top;\">\n<h3><a href=\"http:\/\/www.amazon.de\/gp\/product\/007222729X?ie=UTF8&amp;tag=osn-21&amp;linkCode=as2&amp;camp=1638&amp;creative=6742&amp;creativeASIN=007222729X\">Oracle Wait Interface: A Practical Guide to Performance Diagnostics &amp; Tuning<\/a><\/h3>\n<p>The Oracle Wait Interface is one most important features. The book explains the most important wait events, shows SQL statement for further diagnosing the reasons of the wait events and provides recommendations for reducing the occurrance of wait events.<\/td>\n<\/tr>\n<tr>\n<td style=\"vertical-align: top;\"><a href=\"http:\/\/www.amazon.de\/gp\/product\/007146509X?ie=UTF8&amp;tag=osn-21&amp;linkCode=as2&amp;camp=1638&amp;creative=6742&amp;creativeASIN=007146509X\"><img loading=\"lazy\" decoding=\"async\" class=\"alignnone size-medium wp-image-98\" title=\"rac_handbook\" src=\"http:\/\/www.ora-solutions.net\/web\/wp-content\/uploads\/2008\/10\/rac_handbook.jpg\" alt=\"\" width=\"125\" height=\"170\" \/><\/a><\/td>\n<td style=\"vertical-align: top;\">\n<h3><a href=\"http:\/\/www.amazon.de\/gp\/product\/007146509X?ie=UTF8&amp;tag=osn-21&amp;linkCode=as2&amp;camp=1638&amp;creative=6742&amp;creativeASIN=007146509X\">Oracle Database 10g &#8211; Real Application Clusters Handbook<\/a><\/h3>\n<p>The book is in my opinion currently the best book about the internals of RAC.<\/td>\n<\/tr>\n<\/tbody>\n<\/table>\n<\/blockquote>\n<p><script src=\"http:\/\/www.assoc-amazon.de\/s\/link-enhancer?tag=osn-21&amp;o=3\" type=\"text\/javascript\"><\/script><br \/>\n<noscript>&amp;amp;lt;br \/&amp;amp;gt;     &amp;amp;lt;img src=&#8221;http:\/\/www.assoc-amazon.de\/s\/noscript?tag=osn-21&#8243; mce_src=&#8221;http:\/\/www.assoc-amazon.de\/s\/noscript?tag=osn-21&#8243; alt=&#8221;&#8221; \/&amp;amp;gt;&amp;amp;lt;br \/&amp;amp;gt; <\/noscript><\/p>\n","protected":false},"excerpt":{"rendered":"<p>This is a collection of Oracle \/ Unix books which are highly recommended. HOWTO Secure and Audit Oracle 10g and 11g Ron Ben Natan I can really recommend this book to anybody who is interested in making Oracle database systems more secure and to get an overview of all the security features and possibilities of [&hellip;]<\/p>\n","protected":false},"author":2,"featured_media":0,"parent":0,"menu_order":70,"comment_status":"open","ping_status":"open","template":"","meta":{"_monsterinsights_skip_tracking":false,"_monsterinsights_sitenote_active":false,"_monsterinsights_sitenote_note":"","_monsterinsights_sitenote_category":0,"footnotes":""},"class_list":["post-12","page","type-page","status-publish","hentry"],"aioseo_notices":[],"_links":{"self":[{"href":"https:\/\/www.ora-solutions.net\/web\/wp-json\/wp\/v2\/pages\/12","targetHints":{"allow":["GET"]}}],"collection":[{"href":"https:\/\/www.ora-solutions.net\/web\/wp-json\/wp\/v2\/pages"}],"about":[{"href":"https:\/\/www.ora-solutions.net\/web\/wp-json\/wp\/v2\/types\/page"}],"author":[{"embeddable":true,"href":"https:\/\/www.ora-solutions.net\/web\/wp-json\/wp\/v2\/users\/2"}],"replies":[{"embeddable":true,"href":"https:\/\/www.ora-solutions.net\/web\/wp-json\/wp\/v2\/comments?post=12"}],"version-history":[{"count":11,"href":"https:\/\/www.ora-solutions.net\/web\/wp-json\/wp\/v2\/pages\/12\/revisions"}],"predecessor-version":[{"id":232,"href":"https:\/\/www.ora-solutions.net\/web\/wp-json\/wp\/v2\/pages\/12\/revisions\/232"}],"wp:attachment":[{"href":"https:\/\/www.ora-solutions.net\/web\/wp-json\/wp\/v2\/media?parent=12"}],"curies":[{"name":"wp","href":"https:\/\/api.w.org\/{rel}","templated":true}]}}