{"id":329,"date":"2008-10-13T12:44:56","date_gmt":"2008-10-13T10:44:56","guid":{"rendered":"http:\/\/www.ora-solutions.net\/web\/?page_id=329"},"modified":"2019-07-09T12:44:22","modified_gmt":"2019-07-09T10:44:22","slug":"willkommen","status":"publish","type":"page","link":"https:\/\/www.ora-solutions.net\/web\/willkommen\/","title":{"rendered":"Willkommen"},"content":{"rendered":"<h1 style=\"text-align: left;\">Willkommen bei <a href=\"\/web\/willkommen\/\">ora-solutions.net<\/a>!<\/h1>\n<p style=\"text-align: right;\">[ <a href=\"\/web\/welcome\/\">english<\/a> \/ deutsch ]<\/p>\n<blockquote>\n<p style=\"text-align: left;\"><img loading=\"lazy\" decoding=\"async\" class=\"left size-medium wp-image-222\" style=\"margin: 34px;\" title=\"homepage_180\" src=\"\/web\/wp-content\/uploads\/2008\/10\/homepage_180.jpg\" alt=\"\" width=\"180\" height=\"268\" \/>Mein Name ist Martin Decker, ich lebe in Vorarlberg, \u00d6sterreich und bin IT-Consultant im Oracle-Datenbank Umfeld. Ich verf\u00fcge \u00fcber 16 Jahre Berufserfahrung in der Administration von Oracle Datenbanken in komplexen Umgebungen.<\/p>\n<p style=\"text-align: left;\">Zudem besitze ich mehrere Zertifizierungen, darunter die Zertifizierungen zum<\/p>\n<ul>\n<li style=\"text-align: left;\"><strong><a href=\"https:\/\/www.youracclaim.com\/badges\/293787bf-8df8-49f1-a4b4-cd3b524a08bb\/public_url\" target=\"_blank\" rel=\"noopener noreferrer\">Oracle Certified Master (OCM) 10g<\/a><\/strong>,<\/li>\n<li style=\"text-align: left;\"><strong><a href=\"https:\/\/www.youracclaim.com\/badges\/7692ab5e-0f00-4166-849a-fb9bc5ff3934\/public_url\" target=\"_blank\" rel=\"noopener noreferrer\">Oracle Certified Master 11g<\/a><\/strong>,<\/li>\n<li style=\"text-align: left;\"><strong><a href=\"https:\/\/www.youracclaim.com\/badges\/6e76c231-9814-437b-8c7f-54f8bc840117\/public_url\" target=\"_blank\" rel=\"noopener noreferrer\">Oracle Certified Master 12c<\/a><\/strong><\/li>\n<li style=\"text-align: left;\"><strong><a href=\"https:\/\/www.youracclaim.com\/badges\/af1a856f-ada6-4d36-b99b-1d03ea39ad49\/public_url\" target=\"_blank\" rel=\"noopener noreferrer\">Oracle Database 12c Maximum Availability Certified Master certification.<\/a><\/strong>,<\/li>\n<\/ul>\n<p>der h\u00f6chsten Zertifizierung im Oracle Datenbank-Bereich.<\/p>\n<p style=\"text-align: left;\">Das Ziel dieser Website ist nicht nur, meine Dienstleistungen zu pr\u00e4sentieren, sondern Informationen, Know-How und Erfahrungen f\u00fcr technisch Interessierte bereitzustellen.<\/p>\n<p style=\"text-align: left;\">Ich w\u00fcrde mich \u00fcber Anregungen, Kommentare, Diskussionen sowie m\u00f6gliche Fehler-Korrekturen sehr freuen.<\/p>\n<\/blockquote>\n","protected":false},"excerpt":{"rendered":"<p>Willkommen bei ora-solutions.net! [ english \/ deutsch ] Mein Name ist Martin Decker, ich lebe in Vorarlberg, \u00d6sterreich und bin IT-Consultant im Oracle-Datenbank Umfeld. Ich verf\u00fcge \u00fcber 16 Jahre Berufserfahrung in der Administration von Oracle Datenbanken in komplexen Umgebungen. Zudem besitze ich mehrere Zertifizierungen, darunter die Zertifizierungen zum Oracle Certified Master (OCM) 10g, Oracle Certified [&hellip;]<\/p>\n","protected":false},"author":2,"featured_media":0,"parent":0,"menu_order":0,"comment_status":"closed","ping_status":"closed","template":"","meta":{"_monsterinsights_skip_tracking":false,"_monsterinsights_sitenote_active":false,"_monsterinsights_sitenote_note":"","_monsterinsights_sitenote_category":0,"footnotes":""},"class_list":["post-329","page","type-page","status-publish","hentry"],"aioseo_notices":[],"_links":{"self":[{"href":"https:\/\/www.ora-solutions.net\/web\/wp-json\/wp\/v2\/pages\/329","targetHints":{"allow":["GET"]}}],"collection":[{"href":"https:\/\/www.ora-solutions.net\/web\/wp-json\/wp\/v2\/pages"}],"about":[{"href":"https:\/\/www.ora-solutions.net\/web\/wp-json\/wp\/v2\/types\/page"}],"author":[{"embeddable":true,"href":"https:\/\/www.ora-solutions.net\/web\/wp-json\/wp\/v2\/users\/2"}],"replies":[{"embeddable":true,"href":"https:\/\/www.ora-solutions.net\/web\/wp-json\/wp\/v2\/comments?post=329"}],"version-history":[{"count":40,"href":"https:\/\/www.ora-solutions.net\/web\/wp-json\/wp\/v2\/pages\/329\/revisions"}],"predecessor-version":[{"id":1699,"href":"https:\/\/www.ora-solutions.net\/web\/wp-json\/wp\/v2\/pages\/329\/revisions\/1699"}],"wp:attachment":[{"href":"https:\/\/www.ora-solutions.net\/web\/wp-json\/wp\/v2\/media?parent=329"}],"curies":[{"name":"wp","href":"https:\/\/api.w.org\/{rel}","templated":true}]}}